{"id":3866,"date":"2023-10-11T15:08:10","date_gmt":"2023-10-11T13:08:10","guid":{"rendered":"https:\/\/www.edag-citybot.de\/?page_id=3866"},"modified":"2023-11-21T18:21:31","modified_gmt":"2023-11-21T17:21:31","slug":"the-edag-citybot-real-labs","status":"publish","type":"page","link":"https:\/\/www.edag-citybot.de\/en\/the-edag-citybot-real-labs\/","title":{"rendered":"The EDAG CityBot real labs"},"content":{"rendered":"[vc_row type=&#8221;full_width_background&#8221; full_screen_row_position=&#8221;middle&#8221; bg_image=&#8221;3877&#8243; bg_position=&#8221;center center&#8221; bg_repeat=&#8221;no-repeat&#8221; scene_position=&#8221;center&#8221; text_color=&#8221;light&#8221; text_align=&#8221;center&#8221; top_padding=&#8221;13%&#8221; bottom_padding=&#8221;19%&#8221; overlay_strength=&#8221;0.95&#8243; shape_divider_position=&#8221;bottom&#8221; shape_divider_height=&#8221;350&#8243; bg_image_animation=&#8221;none&#8221; parallax_bg=&#8221;true&#8221; parallax_bg_speed=&#8221;fast&#8221; shape_type=&#8221;mountains&#8221;][vc_column column_padding=&#8221;no-extra-padding&#8221; column_padding_position=&#8221;all&#8221; background_color_opacity=&#8221;1&#8243; background_hover_color_opacity=&#8221;1&#8243; column_link_target=&#8221;_self&#8221; column_shadow=&#8221;none&#8221; column_border_radius=&#8221;none&#8221; width=&#8221;1\/1&#8243; tablet_width_inherit=&#8221;default&#8221; tablet_text_alignment=&#8221;center&#8221; phone_text_alignment=&#8221;center&#8221; column_border_width=&#8221;none&#8221; column_border_style=&#8221;solid&#8221; bg_image_animation=&#8221;none&#8221;][vc_column_text]\n<h1 style=\"text-align: center;\"><strong>THE EDAG CITYBOT <\/strong><strong><span style=\"color: #1874ea;\">REAL LABS<\/span><\/strong><\/h1>\n<p style=\"text-align: center;\">Digital and sustainable innovations need areas where they can be tested in a real-world environment.<\/p>\n[\/vc_column_text][\/vc_column][\/vc_row][vc_row type=&#8221;in_container&#8221; full_screen_row_position=&#8221;middle&#8221; scene_position=&#8221;center&#8221; text_color=&#8221;dark&#8221; text_align=&#8221;left&#8221; top_padding=&#8221;4%&#8221; overlay_strength=&#8221;0.3&#8243; shape_divider_position=&#8221;bottom&#8221; bg_image_animation=&#8221;none&#8221; column_margin=&#8221;default&#8221; el_id=&#8221;&#8221; css=&#8221;.vc_custom_1566391145604{margin-right: -1px !important;}&#8221; shape_type=&#8221;&#8221;][vc_column column_padding=&#8221;no-extra-padding&#8221; column_padding_position=&#8221;all&#8221; background_color_opacity=&#8221;1&#8243; background_hover_color_opacity=&#8221;1&#8243; column_link_target=&#8221;_self&#8221; column_shadow=&#8221;none&#8221; column_border_radius=&#8221;none&#8221; width=&#8221;1\/1&#8243; tablet_width_inherit=&#8221;default&#8221; tablet_text_alignment=&#8221;default&#8221; phone_text_alignment=&#8221;default&#8221; column_border_width=&#8221;none&#8221; column_border_style=&#8221;solid&#8221; bg_image_animation=&#8221;none&#8221;][vc_column_text]\n<h2><strong><span style=\"color: #1874ea;\">FROM VISION <\/span>TO THE ROAD<\/strong><\/h2>\n<h3>THE WAY TO FUTURE MOBILITY<\/h3>\n[\/vc_column_text][\/vc_column][\/vc_row][vc_row type=&#8221;in_container&#8221; full_screen_row_position=&#8221;middle&#8221; scene_position=&#8221;center&#8221; text_color=&#8221;dark&#8221; text_align=&#8221;left&#8221; top_padding=&#8221;2%&#8221; bottom_padding=&#8221;4%&#8221; overlay_strength=&#8221;0.3&#8243; shape_divider_position=&#8221;bottom&#8221; bg_image_animation=&#8221;none&#8221; column_margin=&#8221;default&#8221; el_id=&#8221;&#8221; css=&#8221;.vc_custom_1566391145604{margin-right: -1px !important;}&#8221; shape_type=&#8221;&#8221;][vc_column column_padding=&#8221;no-extra-padding&#8221; column_padding_position=&#8221;all&#8221; background_color_opacity=&#8221;1&#8243; background_hover_color_opacity=&#8221;1&#8243; column_link_target=&#8221;_self&#8221; column_shadow=&#8221;none&#8221; column_border_radius=&#8221;none&#8221; width=&#8221;1\/1&#8243; tablet_width_inherit=&#8221;default&#8221; tablet_text_alignment=&#8221;default&#8221; phone_text_alignment=&#8221;default&#8221; column_border_width=&#8221;none&#8221; column_border_style=&#8221;solid&#8221; bg_image_animation=&#8221;none&#8221;][vc_column_text]\n<h3>Real labs&#8230;<\/h3>\n[\/vc_column_text][vc_row_inner column_margin=&#8221;default&#8221; text_align=&#8221;left&#8221;][vc_column_inner column_padding=&#8221;no-extra-padding&#8221; column_padding_position=&#8221;all&#8221; background_color_opacity=&#8221;1&#8243; background_hover_color_opacity=&#8221;1&#8243; column_shadow=&#8221;none&#8221; column_border_radius=&#8221;none&#8221; column_link_target=&#8221;_self&#8221; width=&#8221;1\/2&#8243; tablet_width_inherit=&#8221;default&#8221; column_border_width=&#8221;none&#8221; column_border_style=&#8221;solid&#8221; bg_image_animation=&#8221;none&#8221;][vc_column_text css_animation=&#8221;bottom-to-top&#8221;]\n<ul>\n<li>create new scope for the legally compliant testing of innovations, from which guidelines for certification and legislation can be derived<\/li>\n<li>improve the transfer to the market<\/li>\n<li>enable new functions and system adjustments to be tested under realistic conditions and optimizations to be directly incorporated<\/li>\n<\/ul>\n[\/vc_column_text][\/vc_column_inner][vc_column_inner column_padding=&#8221;no-extra-padding&#8221; column_padding_position=&#8221;all&#8221; background_color_opacity=&#8221;1&#8243; background_hover_color_opacity=&#8221;1&#8243; column_shadow=&#8221;none&#8221; column_border_radius=&#8221;none&#8221; column_link_target=&#8221;_self&#8221; width=&#8221;1\/2&#8243; tablet_width_inherit=&#8221;default&#8221; column_border_width=&#8221;none&#8221; column_border_style=&#8221;solid&#8221; bg_image_animation=&#8221;none&#8221;][vc_column_text css_animation=&#8221;bottom-to-top&#8221;]\n<ul>\n<li>show how, even in an increasingly digital world, important protection and safety standards can be guaranteed<\/li>\n<li>make participation possible, and therefore strengthen society&#8217;s acceptance of innovations<\/li>\n<\/ul>\n[\/vc_column_text][\/vc_column_inner][\/vc_row_inner][\/vc_column][\/vc_row][vc_row type=&#8221;in_container&#8221; full_screen_row_position=&#8221;middle&#8221; scene_position=&#8221;center&#8221; text_color=&#8221;dark&#8221; text_align=&#8221;left&#8221; top_padding=&#8221;4%&#8221; bottom_padding=&#8221;4%&#8221; overlay_strength=&#8221;0.3&#8243; shape_divider_position=&#8221;bottom&#8221; bg_image_animation=&#8221;none&#8221; column_margin=&#8221;default&#8221; el_id=&#8221;&#8221; css=&#8221;.vc_custom_1566391145604{margin-right: -1px !important;}&#8221; shape_type=&#8221;&#8221;][vc_column column_padding=&#8221;no-extra-padding&#8221; column_padding_position=&#8221;all&#8221; background_color_opacity=&#8221;1&#8243; background_hover_color_opacity=&#8221;1&#8243; column_link_target=&#8221;_self&#8221; column_shadow=&#8221;none&#8221; column_border_radius=&#8221;none&#8221; width=&#8221;1\/1&#8243; tablet_width_inherit=&#8221;default&#8221; tablet_text_alignment=&#8221;default&#8221; phone_text_alignment=&#8221;default&#8221; column_border_width=&#8221;none&#8221; column_border_style=&#8221;solid&#8221; bg_image_animation=&#8221;none&#8221;][nectar_single_testimonial testimonial_style=&#8221;small_modern&#8221; color=&#8221;Accent-Color&#8221; style=&#8221;bold&#8221; quote=&#8221;For technological game changers like the EDAG CityBot, real labs are the first step into the future. This is where we will see what challenges &#8211; technical, ethical or social &#8211; lie ahead.&#8221; name=&#8221;Johannes Barckmann, Concept &amp; Product Owner EDAG CityBot&#8221;][\/vc_column][\/vc_row][vc_row type=&#8221;in_container&#8221; full_screen_row_position=&#8221;middle&#8221; scene_position=&#8221;center&#8221; text_color=&#8221;dark&#8221; text_align=&#8221;left&#8221; overlay_strength=&#8221;0.3&#8243; shape_divider_position=&#8221;bottom&#8221; bg_image_animation=&#8221;none&#8221;][vc_column column_padding=&#8221;no-extra-padding&#8221; column_padding_position=&#8221;all&#8221; background_color_opacity=&#8221;1&#8243; background_hover_color_opacity=&#8221;1&#8243; column_link_target=&#8221;_self&#8221; column_shadow=&#8221;none&#8221; column_border_radius=&#8221;none&#8221; width=&#8221;1\/2&#8243; tablet_width_inherit=&#8221;default&#8221; tablet_text_alignment=&#8221;default&#8221; phone_text_alignment=&#8221;default&#8221; column_border_width=&#8221;none&#8221; column_border_style=&#8221;solid&#8221; bg_image_animation=&#8221;none&#8221;][fancy_box box_style=&#8221;default&#8221; icon_family=&#8221;none&#8221; image_url=&#8221;3875&#8243; color=&#8221;accent-color&#8221; link_url=&#8221;https:\/\/www.edag-citybot.de\/en\/test-lab-fulda\/&#8221;]\n<h2>TEST LAB FULDA<\/h2>\n[\/fancy_box][\/vc_column][vc_column column_padding=&#8221;no-extra-padding&#8221; column_padding_position=&#8221;all&#8221; background_color_opacity=&#8221;1&#8243; background_hover_color_opacity=&#8221;1&#8243; column_link_target=&#8221;_self&#8221; column_shadow=&#8221;none&#8221; column_border_radius=&#8221;none&#8221; width=&#8221;1\/2&#8243; tablet_width_inherit=&#8221;default&#8221; tablet_text_alignment=&#8221;default&#8221; phone_text_alignment=&#8221;default&#8221; column_border_width=&#8221;none&#8221; column_border_style=&#8221;solid&#8221; bg_image_animation=&#8221;none&#8221;][fancy_box box_style=&#8221;default&#8221; icon_family=&#8221;none&#8221; image_url=&#8221;3638&#8243; color=&#8221;accent-color&#8221; link_url=&#8221;https:\/\/www.edag-citybot.de\/en\/real-lab-frankfurt\/&#8221;]\n<h2>REAL LAB<br \/>\nFRANKFURT<\/h2>\n[\/fancy_box][\/vc_column][\/vc_row][vc_row type=&#8221;in_container&#8221; full_screen_row_position=&#8221;middle&#8221; scene_position=&#8221;center&#8221; text_color=&#8221;dark&#8221; text_align=&#8221;left&#8221; top_padding=&#8221;8%&#8221; bottom_padding=&#8221;2%&#8221; overlay_strength=&#8221;0.3&#8243; shape_divider_position=&#8221;bottom&#8221; bg_image_animation=&#8221;none&#8221; shape_type=&#8221;&#8221;][vc_column column_padding=&#8221;no-extra-padding&#8221; column_padding_position=&#8221;all&#8221; background_color_opacity=&#8221;1&#8243; background_hover_color_opacity=&#8221;1&#8243; column_link_target=&#8221;_self&#8221; column_shadow=&#8221;none&#8221; column_border_radius=&#8221;none&#8221; width=&#8221;2\/3&#8243; tablet_width_inherit=&#8221;default&#8221; tablet_text_alignment=&#8221;default&#8221; phone_text_alignment=&#8221;default&#8221; column_border_width=&#8221;none&#8221; column_border_style=&#8221;solid&#8221; bg_image_animation=&#8221;none&#8221;][vc_column_text]\n<h2>GET IN TOUCH WITH US<\/h2>\n[\/vc_column_text][\/vc_column][vc_column column_padding=&#8221;no-extra-padding&#8221; column_padding_position=&#8221;all&#8221; background_color_opacity=&#8221;1&#8243; background_hover_color_opacity=&#8221;1&#8243; column_link_target=&#8221;_self&#8221; column_shadow=&#8221;none&#8221; column_border_radius=&#8221;none&#8221; width=&#8221;1\/3&#8243; tablet_width_inherit=&#8221;default&#8221; tablet_text_alignment=&#8221;default&#8221; phone_text_alignment=&#8221;default&#8221; column_border_width=&#8221;none&#8221; column_border_style=&#8221;solid&#8221; bg_image_animation=&#8221;none&#8221;][\/vc_column][\/vc_row][vc_row type=&#8221;full_width_content&#8221; full_screen_row_position=&#8221;middle&#8221; scene_position=&#8221;center&#8221; text_color=&#8221;light&#8221; text_align=&#8221;left&#8221; overlay_strength=&#8221;0.3&#8243; shape_divider_position=&#8221;bottom&#8221; bg_image_animation=&#8221;none&#8221; shape_type=&#8221;&#8221;][vc_column column_padding=&#8221;padding-4-percent&#8221; column_padding_position=&#8221;all&#8221; background_color=&#8221;#1874ea&#8221; background_color_opacity=&#8221;1&#8243; background_hover_color_opacity=&#8221;1&#8243; column_link_target=&#8221;_self&#8221; column_shadow=&#8221;none&#8221; column_border_radius=&#8221;none&#8221; width=&#8221;1\/3&#8243; tablet_width_inherit=&#8221;default&#8221; tablet_text_alignment=&#8221;default&#8221; phone_text_alignment=&#8221;default&#8221; column_border_width=&#8221;none&#8221; column_border_style=&#8221;solid&#8221; bg_image_animation=&#8221;none&#8221;][nectar_gradient_text heading_tag=&#8221;h3&#8243; color=&#8221;extra-color-gradient-2&#8243; gradient_direction=&#8221;horizontal&#8221; text=&#8221;LET\u2018S TALK!&#8221;][vc_custom_heading text=&#8221;Where can the EDAG CityBot make a meaningful contribution for you? Contact us and let us develop further UseCases together.&#8221; font_container=&#8221;tag:h4|text_align:left|color:%23ffffff&#8221; use_theme_fonts=&#8221;yes&#8221; css=&#8221;.vc_custom_1686039657212{margin-top: -10px !important;}&#8221;][divider line_type=&#8221;No Line&#8221; custom_height=&#8221;190&#8243;][nectar_cta btn_style=&#8221;see-through&#8221; heading_tag=&#8221;h5&#8243; text_color=&#8221;#ffffff&#8221; link_type=&#8221;regular&#8221; alignment=&#8221;left&#8221; link_text=&#8221;Change the Game&#8221; url=&#8221;https:\/\/www.edag-citybot.de\/en\/contact\/&#8221;][\/vc_column][vc_column column_padding=&#8221;padding-4-percent&#8221; column_padding_position=&#8221;all&#8221; background_color_opacity=&#8221;1&#8243; background_hover_color_opacity=&#8221;1&#8243; column_link_target=&#8221;_self&#8221; column_shadow=&#8221;none&#8221; column_border_radius=&#8221;none&#8221; width=&#8221;1\/3&#8243; tablet_width_inherit=&#8221;default&#8221; tablet_text_alignment=&#8221;default&#8221; phone_text_alignment=&#8221;default&#8221; column_border_width=&#8221;none&#8221; column_border_style=&#8221;solid&#8221; bg_image_animation=&#8221;none&#8221;][vc_custom_heading text=&#8221;JOIN US!&#8221; font_container=&#8221;tag:h3|text_align:left|color:%231874ea&#8221; use_theme_fonts=&#8221;yes&#8221; css=&#8221;.vc_custom_1697024776417{margin-bottom: 24px !important;}&#8221;][vc_custom_heading text=&#8221;As EDAG has over 50 technical departments, you have a good chance of finding the right job for you, one in which you can achieve more.&#8221; font_container=&#8221;tag:h4|text_align:left|color:%23455561&#8243; use_theme_fonts=&#8221;yes&#8221;][divider line_type=&#8221;No Line&#8221; custom_height=&#8221;190&#8243;][nectar_cta btn_style=&#8221;see-through&#8221; heading_tag=&#8221;h5&#8243; text_color=&#8221;#455561&#8243; link_type=&#8221;new_tab&#8221; alignment=&#8221;left&#8221; link_text=&#8221;Joining EDAG&#8221; url=&#8221;https:\/\/www.edag.com\/en\/career\/jobs-application\/job-advertisements&#8221;][\/vc_column][vc_column column_padding=&#8221;padding-4-percent&#8221; column_padding_position=&#8221;all&#8221; background_color=&#8221;#1874ea&#8221; background_color_opacity=&#8221;1&#8243; background_hover_color_opacity=&#8221;1&#8243; column_link_target=&#8221;_self&#8221; column_shadow=&#8221;none&#8221; column_border_radius=&#8221;none&#8221; width=&#8221;1\/3&#8243; tablet_width_inherit=&#8221;default&#8221; tablet_text_alignment=&#8221;default&#8221; phone_text_alignment=&#8221;default&#8221; column_border_width=&#8221;none&#8221; column_border_style=&#8221;solid&#8221; bg_image_animation=&#8221;none&#8221;][nectar_gradient_text heading_tag=&#8221;h3&#8243; color=&#8221;extra-color-gradient-2&#8243; gradient_direction=&#8221;horizontal&#8221; text=&#8221;STRONG TOGETHER!&#8221;][vc_custom_heading text=&#8221;Are you mastering logistical challenges and wanting to raise your business model to a new level through intelligent networking?&#8221; font_container=&#8221;tag:h4|text_align:left|color:%23ffffff&#8221; use_theme_fonts=&#8221;yes&#8221; css=&#8221;.vc_custom_1686039667175{margin-top: -10px !important;}&#8221;][divider line_type=&#8221;No Line&#8221; custom_height=&#8221;225&#8243;][nectar_cta btn_style=&#8221;see-through&#8221; heading_tag=&#8221;h5&#8243; text_color=&#8221;#ffffff&#8221; link_type=&#8221;regular&#8221; alignment=&#8221;left&#8221; link_text=&#8221;Become a partner&#8221; url=&#8221;https:\/\/www.edag-citybot.de\/en\/become-partner&#8221;][\/vc_column][\/vc_row][vc_row type=&#8221;in_container&#8221; full_screen_row_position=&#8221;middle&#8221; scene_position=&#8221;center&#8221; text_color=&#8221;dark&#8221; text_align=&#8221;left&#8221; overlay_strength=&#8221;0.3&#8243; shape_divider_position=&#8221;bottom&#8221; bg_image_animation=&#8221;none&#8221;][vc_column column_padding=&#8221;no-extra-padding&#8221; column_padding_position=&#8221;all&#8221; background_color_opacity=&#8221;1&#8243; background_hover_color_opacity=&#8221;1&#8243; column_link_target=&#8221;_self&#8221; column_shadow=&#8221;none&#8221; column_border_radius=&#8221;none&#8221; width=&#8221;1\/1&#8243; tablet_width_inherit=&#8221;default&#8221; tablet_text_alignment=&#8221;default&#8221; phone_text_alignment=&#8221;default&#8221; column_border_width=&#8221;none&#8221; column_border_style=&#8221;solid&#8221; bg_image_animation=&#8221;none&#8221;][vc_raw_html]JTVCc3RpY2t5X2ljb25zJTVE[\/vc_raw_html][\/vc_column][\/vc_row]\n","protected":false},"excerpt":{"rendered":"<p>[vc_row type=&#8221;full_width_background&#8221; full_screen_row_position=&#8221;middle&#8221; bg_image=&#8221;3877&#8243; bg_position=&#8221;center center&#8221; bg_repeat=&#8221;no-repeat&#8221; scene_position=&#8221;center&#8221; text_color=&#8221;light&#8221; text_align=&#8221;center&#8221; top_padding=&#8221;13%&#8221; bottom_padding=&#8221;19%&#8221; overlay_strength=&#8221;0.95&#8243; shape_divider_position=&#8221;bottom&#8221; shape_divider_height=&#8221;350&#8243; bg_image_animation=&#8221;none&#8221; parallax_bg=&#8221;true&#8221; parallax_bg_speed=&#8221;fast&#8221; shape_type=&#8221;mountains&#8221;][vc_column column_padding=&#8221;no-extra-padding&#8221; column_padding_position=&#8221;all&#8221; background_color_opacity=&#8221;1&#8243; background_hover_color_opacity=&#8221;1&#8243; column_link_target=&#8221;_self&#8221; column_shadow=&#8221;none&#8221; column_border_radius=&#8221;none&#8221; width=&#8221;1\/1&#8243; tablet_width_inherit=&#8221;default&#8221; tablet_text_alignment=&#8221;center&#8221; phone_text_alignment=&#8221;center&#8221;&#8230;<\/p>\n","protected":false},"author":1,"featured_media":0,"parent":0,"menu_order":0,"comment_status":"closed","ping_status":"closed","template":"","meta":{"footnotes":""},"class_list":["post-3866","page","type-page","status-publish"],"yoast_head":"<!-- This site is optimized with the Yoast SEO plugin v24.0 - https:\/\/yoast.com\/wordpress\/plugins\/seo\/ -->\n<title>The EDAG CityBot real labs - EDAG CityBot<\/title>\n<meta name=\"description\" content=\"EDAG CityBot \u2013 ein Game Changer f\u00fcr die Stadt der Zukunft. Das vollautonome Transport- und Arbeitsfahrzeug bahnt den Weg aus dem Verkehrsinfarkt der St\u00e4dte und er\u00f6ffnet neue Gesch\u00e4ftsmodelle\" \/>\n<meta name=\"robots\" content=\"index, follow, max-snippet:-1, max-image-preview:large, max-video-preview:-1\" \/>\n<link rel=\"canonical\" href=\"https:\/\/www.edag-citybot.de\/en\/the-edag-citybot-real-labs\/\" \/>\n<meta property=\"og:locale\" content=\"en_US\" \/>\n<meta property=\"og:type\" content=\"article\" \/>\n<meta property=\"og:title\" content=\"EDAG CityBot\" \/>\n<meta property=\"og:description\" content=\"EDAG CityBot \u2013 ein Game Changer f\u00fcr die Stadt der Zukunft. Das vollautonome Transport- und Arbeitsfahrzeug bahnt den Weg aus dem Verkehrsinfarkt der St\u00e4dte und er\u00f6ffnet neue Gesch\u00e4ftsmodelle\" \/>\n<meta property=\"og:url\" content=\"https:\/\/www.edag-citybot.de\/en\/the-edag-citybot-real-labs\/\" \/>\n<meta property=\"og:site_name\" content=\"EDAG CityBot\" \/>\n<meta property=\"article:modified_time\" content=\"2023-11-21T17:21:31+00:00\" \/>\n<meta property=\"og:image\" content=\"https:\/\/www.edag-citybot.de\/wp-content\/uploads\/2019\/08\/facebook_snippet.jpg\" \/>\n\t<meta property=\"og:image:width\" content=\"1200\" \/>\n\t<meta property=\"og:image:height\" content=\"630\" \/>\n\t<meta property=\"og:image:type\" content=\"image\/jpeg\" \/>\n<meta name=\"twitter:card\" content=\"summary_large_image\" \/>\n<meta name=\"twitter:title\" content=\"EDAG CityBot\" \/>\n<meta name=\"twitter:description\" content=\"EDAG CityBot \u2013 ein Game Changer f\u00fcr die Stadt der Zukunft. Das vollautonome Transport- und Arbeitsfahrzeug bahnt den Weg aus dem Verkehrsinfarkt der St\u00e4dte und er\u00f6ffnet neue Gesch\u00e4ftsmodelle\" \/>\n<meta name=\"twitter:label1\" content=\"Est. reading time\" \/>\n\t<meta name=\"twitter:data1\" content=\"3 minutes\" \/>\n<script type=\"application\/ld+json\" class=\"yoast-schema-graph\">{\"@context\":\"https:\/\/schema.org\",\"@graph\":[{\"@type\":\"WebPage\",\"@id\":\"https:\/\/www.edag-citybot.de\/en\/the-edag-citybot-real-labs\/\",\"url\":\"https:\/\/www.edag-citybot.de\/en\/the-edag-citybot-real-labs\/\",\"name\":\"The EDAG CityBot real labs - EDAG CityBot\",\"isPartOf\":{\"@id\":\"https:\/\/www.edag-citybot.de\/#website\"},\"datePublished\":\"2023-10-11T13:08:10+00:00\",\"dateModified\":\"2023-11-21T17:21:31+00:00\",\"description\":\"EDAG CityBot \u2013 ein Game Changer f\u00fcr die Stadt der Zukunft. Das vollautonome Transport- und Arbeitsfahrzeug bahnt den Weg aus dem Verkehrsinfarkt der St\u00e4dte und er\u00f6ffnet neue Gesch\u00e4ftsmodelle\",\"breadcrumb\":{\"@id\":\"https:\/\/www.edag-citybot.de\/en\/the-edag-citybot-real-labs\/#breadcrumb\"},\"inLanguage\":\"en-US\",\"potentialAction\":[{\"@type\":\"ReadAction\",\"target\":[\"https:\/\/www.edag-citybot.de\/en\/the-edag-citybot-real-labs\/\"]}]},{\"@type\":\"BreadcrumbList\",\"@id\":\"https:\/\/www.edag-citybot.de\/en\/the-edag-citybot-real-labs\/#breadcrumb\",\"itemListElement\":[{\"@type\":\"ListItem\",\"position\":1,\"name\":\"Startseite\",\"item\":\"https:\/\/www.edag-citybot.de\/en\/\"},{\"@type\":\"ListItem\",\"position\":2,\"name\":\"The EDAG CityBot real labs\"}]},{\"@type\":\"WebSite\",\"@id\":\"https:\/\/www.edag-citybot.de\/#website\",\"url\":\"https:\/\/www.edag-citybot.de\/\",\"name\":\"EDAG CityBot\",\"description\":\"\",\"potentialAction\":[{\"@type\":\"SearchAction\",\"target\":{\"@type\":\"EntryPoint\",\"urlTemplate\":\"https:\/\/www.edag-citybot.de\/?s={search_term_string}\"},\"query-input\":{\"@type\":\"PropertyValueSpecification\",\"valueRequired\":true,\"valueName\":\"search_term_string\"}}],\"inLanguage\":\"en-US\"}]}<\/script>\n<!-- \/ Yoast SEO plugin. -->","yoast_head_json":{"title":"The EDAG CityBot real labs - EDAG CityBot","description":"EDAG CityBot \u2013 ein Game Changer f\u00fcr die Stadt der Zukunft. Das vollautonome Transport- und Arbeitsfahrzeug bahnt den Weg aus dem Verkehrsinfarkt der St\u00e4dte und er\u00f6ffnet neue Gesch\u00e4ftsmodelle","robots":{"index":"index","follow":"follow","max-snippet":"max-snippet:-1","max-image-preview":"max-image-preview:large","max-video-preview":"max-video-preview:-1"},"canonical":"https:\/\/www.edag-citybot.de\/en\/the-edag-citybot-real-labs\/","og_locale":"en_US","og_type":"article","og_title":"EDAG CityBot","og_description":"EDAG CityBot \u2013 ein Game Changer f\u00fcr die Stadt der Zukunft. Das vollautonome Transport- und Arbeitsfahrzeug bahnt den Weg aus dem Verkehrsinfarkt der St\u00e4dte und er\u00f6ffnet neue Gesch\u00e4ftsmodelle","og_url":"https:\/\/www.edag-citybot.de\/en\/the-edag-citybot-real-labs\/","og_site_name":"EDAG CityBot","article_modified_time":"2023-11-21T17:21:31+00:00","og_image":[{"width":1200,"height":630,"url":"https:\/\/www.edag-citybot.de\/wp-content\/uploads\/2019\/08\/facebook_snippet.jpg","type":"image\/jpeg"}],"twitter_card":"summary_large_image","twitter_title":"EDAG CityBot","twitter_description":"EDAG CityBot \u2013 ein Game Changer f\u00fcr die Stadt der Zukunft. Das vollautonome Transport- und Arbeitsfahrzeug bahnt den Weg aus dem Verkehrsinfarkt der St\u00e4dte und er\u00f6ffnet neue Gesch\u00e4ftsmodelle","twitter_misc":{"Est. reading time":"3 minutes"},"schema":{"@context":"https:\/\/schema.org","@graph":[{"@type":"WebPage","@id":"https:\/\/www.edag-citybot.de\/en\/the-edag-citybot-real-labs\/","url":"https:\/\/www.edag-citybot.de\/en\/the-edag-citybot-real-labs\/","name":"The EDAG CityBot real labs - EDAG CityBot","isPartOf":{"@id":"https:\/\/www.edag-citybot.de\/#website"},"datePublished":"2023-10-11T13:08:10+00:00","dateModified":"2023-11-21T17:21:31+00:00","description":"EDAG CityBot \u2013 ein Game Changer f\u00fcr die Stadt der Zukunft. Das vollautonome Transport- und Arbeitsfahrzeug bahnt den Weg aus dem Verkehrsinfarkt der St\u00e4dte und er\u00f6ffnet neue Gesch\u00e4ftsmodelle","breadcrumb":{"@id":"https:\/\/www.edag-citybot.de\/en\/the-edag-citybot-real-labs\/#breadcrumb"},"inLanguage":"en-US","potentialAction":[{"@type":"ReadAction","target":["https:\/\/www.edag-citybot.de\/en\/the-edag-citybot-real-labs\/"]}]},{"@type":"BreadcrumbList","@id":"https:\/\/www.edag-citybot.de\/en\/the-edag-citybot-real-labs\/#breadcrumb","itemListElement":[{"@type":"ListItem","position":1,"name":"Startseite","item":"https:\/\/www.edag-citybot.de\/en\/"},{"@type":"ListItem","position":2,"name":"The EDAG CityBot real labs"}]},{"@type":"WebSite","@id":"https:\/\/www.edag-citybot.de\/#website","url":"https:\/\/www.edag-citybot.de\/","name":"EDAG CityBot","description":"","potentialAction":[{"@type":"SearchAction","target":{"@type":"EntryPoint","urlTemplate":"https:\/\/www.edag-citybot.de\/?s={search_term_string}"},"query-input":{"@type":"PropertyValueSpecification","valueRequired":true,"valueName":"search_term_string"}}],"inLanguage":"en-US"}]}},"_links":{"self":[{"href":"https:\/\/www.edag-citybot.de\/en\/wp-json\/wp\/v2\/pages\/3866","targetHints":{"allow":["GET"]}}],"collection":[{"href":"https:\/\/www.edag-citybot.de\/en\/wp-json\/wp\/v2\/pages"}],"about":[{"href":"https:\/\/www.edag-citybot.de\/en\/wp-json\/wp\/v2\/types\/page"}],"author":[{"embeddable":true,"href":"https:\/\/www.edag-citybot.de\/en\/wp-json\/wp\/v2\/users\/1"}],"replies":[{"embeddable":true,"href":"https:\/\/www.edag-citybot.de\/en\/wp-json\/wp\/v2\/comments?post=3866"}],"version-history":[{"count":13,"href":"https:\/\/www.edag-citybot.de\/en\/wp-json\/wp\/v2\/pages\/3866\/revisions"}],"predecessor-version":[{"id":4644,"href":"https:\/\/www.edag-citybot.de\/en\/wp-json\/wp\/v2\/pages\/3866\/revisions\/4644"}],"wp:attachment":[{"href":"https:\/\/www.edag-citybot.de\/en\/wp-json\/wp\/v2\/media?parent=3866"}],"curies":[{"name":"wp","href":"https:\/\/api.w.org\/{rel}","templated":true}]}}